{"id":202,"date":"2023-08-12T23:24:06","date_gmt":"2023-08-13T02:24:06","guid":{"rendered":"https:\/\/mostradecinemachines.com.br\/?page_id=202"},"modified":"2023-08-21T10:26:02","modified_gmt":"2023-08-21T13:26:02","slug":"sobre","status":"publish","type":"page","link":"https:\/\/mostradecinemachines.com.br\/index.php\/sobre\/","title":{"rendered":"Sobre"},"content":{"rendered":"\t\t<div data-elementor-type=\"wp-page\" data-elementor-id=\"202\" class=\"elementor elementor-202\">\n\t\t\t\t\t\t\t\t\t<section class=\"elementor-section elementor-top-section elementor-element elementor-element-1dde34b elementor-section-full_width elementor-section-height-default elementor-section-height-default wpr-particle-no wpr-jarallax-no wpr-parallax-no wpr-sticky-section-no\" data-id=\"1dde34b\" data-element_type=\"section\" data-settings=\"{&quot;background_background&quot;:&quot;gradient&quot;}\">\n\t\t\t\t\t\t<div class=\"elementor-container elementor-column-gap-default\">\n\t\t\t\t\t<div class=\"elementor-column elementor-col-100 elementor-top-column elementor-element elementor-element-0270a7c\" data-id=\"0270a7c\" data-element_type=\"column\">\n\t\t\t<div class=\"elementor-widget-wrap elementor-element-populated\">\n\t\t\t\t\t\t\t\t<section class=\"elementor-section elementor-inner-section elementor-element elementor-element-8d7cef6 elementor-section-full_width elementor-section-height-default elementor-section-height-default wpr-particle-no wpr-jarallax-no wpr-parallax-no wpr-sticky-section-no\" data-id=\"8d7cef6\" data-element_type=\"section\">\n\t\t\t\t\t\t<div class=\"elementor-container elementor-column-gap-default\">\n\t\t\t\t\t<div class=\"elementor-column elementor-col-33 elementor-inner-column elementor-element elementor-element-445c104\" data-id=\"445c104\" data-element_type=\"column\">\n\t\t\t<div class=\"elementor-widget-wrap elementor-element-populated\">\n\t\t\t\t\t\t\t\t<div class=\"elementor-element elementor-element-087a2c4 elementor-widget elementor-widget-image\" data-id=\"087a2c4\" data-element_type=\"widget\" data-widget_type=\"image.default\">\n\t\t\t\t<div class=\"elementor-widget-container\">\n\t\t\t<style>\/*! elementor - v3.15.0 - 09-08-2023 *\/\n.elementor-widget-image{text-align:center}.elementor-widget-image a{display:inline-block}.elementor-widget-image a img[src$=\".svg\"]{width:48px}.elementor-widget-image img{vertical-align:middle;display:inline-block}<\/style>\t\t\t\t\t\t\t\t\t\t\t\t<img loading=\"lazy\" decoding=\"async\" width=\"299\" height=\"28\" src=\"https:\/\/mostradecinemachines.com.br\/wp-content\/uploads\/2023\/08\/design5.png\" class=\"attachment-large size-large wp-image-205\" alt=\"\" style=\"width:100%;height:9.36%;max-width:299px\" \/>\t\t\t\t\t\t\t\t\t\t\t\t\t\t\t<\/div>\n\t\t\t\t<\/div>\n\t\t\t\t\t<\/div>\n\t\t<\/div>\n\t\t\t\t<div class=\"elementor-column elementor-col-33 elementor-inner-column elementor-element elementor-element-4f8c8af\" data-id=\"4f8c8af\" data-element_type=\"column\">\n\t\t\t<div class=\"elementor-widget-wrap elementor-element-populated\">\n\t\t\t\t\t\t\t\t<div class=\"elementor-element elementor-element-2647e12 elementor-widget elementor-widget-text-editor\" data-id=\"2647e12\" data-element_type=\"widget\" data-widget_type=\"text-editor.default\">\n\t\t\t\t<div class=\"elementor-widget-container\">\n\t\t\t<style>\/*! elementor - v3.15.0 - 09-08-2023 *\/\n.elementor-widget-text-editor.elementor-drop-cap-view-stacked .elementor-drop-cap{background-color:#69727d;color:#fff}.elementor-widget-text-editor.elementor-drop-cap-view-framed .elementor-drop-cap{color:#69727d;border:3px solid;background-color:transparent}.elementor-widget-text-editor:not(.elementor-drop-cap-view-default) .elementor-drop-cap{margin-top:8px}.elementor-widget-text-editor:not(.elementor-drop-cap-view-default) .elementor-drop-cap-letter{width:1em;height:1em}.elementor-widget-text-editor .elementor-drop-cap{float:left;text-align:center;line-height:1;font-size:50px}.elementor-widget-text-editor .elementor-drop-cap-letter{display:inline-block}<\/style>\t\t\t\t<p>SOBRE<\/p>\t\t\t\t\t\t<\/div>\n\t\t\t\t<\/div>\n\t\t\t\t\t<\/div>\n\t\t<\/div>\n\t\t\t\t<div class=\"elementor-column elementor-col-33 elementor-inner-column elementor-element elementor-element-ef91c86\" data-id=\"ef91c86\" data-element_type=\"column\">\n\t\t\t<div class=\"elementor-widget-wrap elementor-element-populated\">\n\t\t\t\t\t\t\t\t<div class=\"elementor-element elementor-element-db60add elementor-widget elementor-widget-image\" data-id=\"db60add\" data-element_type=\"widget\" data-widget_type=\"image.default\">\n\t\t\t\t<div class=\"elementor-widget-container\">\n\t\t\t\t\t\t\t\t\t\t\t\t\t\t\t<img loading=\"lazy\" decoding=\"async\" width=\"334\" height=\"28\" src=\"https:\/\/mostradecinemachines.com.br\/wp-content\/uploads\/2023\/08\/design4.png\" class=\"attachment-large size-large wp-image-204\" alt=\"\" srcset=\"https:\/\/mostradecinemachines.com.br\/wp-content\/uploads\/2023\/08\/design4.png 334w, https:\/\/mostradecinemachines.com.br\/wp-content\/uploads\/2023\/08\/design4-300x25.png 300w\" sizes=\"(max-width: 334px) 100vw, 334px\" style=\"width:100%;height:8.38%;max-width:334px\" \/>\t\t\t\t\t\t\t\t\t\t\t\t\t\t\t<\/div>\n\t\t\t\t<\/div>\n\t\t\t\t\t<\/div>\n\t\t<\/div>\n\t\t\t\t\t\t\t<\/div>\n\t\t<\/section>\n\t\t\t\t\t<\/div>\n\t\t<\/div>\n\t\t\t\t\t\t\t<\/div>\n\t\t<\/section>\n\t\t\t\t<section class=\"elementor-section elementor-top-section elementor-element elementor-element-91da2f2 elementor-section-full_width elementor-section-height-default elementor-section-height-default wpr-particle-no wpr-jarallax-no wpr-parallax-no wpr-sticky-section-no\" data-id=\"91da2f2\" data-element_type=\"section\">\n\t\t\t\t\t\t<div class=\"elementor-container elementor-column-gap-default\">\n\t\t\t\t\t<div class=\"elementor-column elementor-col-100 elementor-top-column elementor-element elementor-element-b589542\" data-id=\"b589542\" data-element_type=\"column\">\n\t\t\t<div class=\"elementor-widget-wrap elementor-element-populated\">\n\t\t\t\t\t\t\t\t<section class=\"elementor-section elementor-inner-section elementor-element elementor-element-3bbdf8f elementor-section-full_width elementor-section-height-default elementor-section-height-default wpr-particle-no wpr-jarallax-no wpr-parallax-no wpr-sticky-section-no\" data-id=\"3bbdf8f\" data-element_type=\"section\">\n\t\t\t\t\t\t<div class=\"elementor-container elementor-column-gap-default\">\n\t\t\t\t\t<div class=\"elementor-column elementor-col-50 elementor-inner-column elementor-element elementor-element-77dcbf6\" data-id=\"77dcbf6\" data-element_type=\"column\">\n\t\t\t<div class=\"elementor-widget-wrap elementor-element-populated\">\n\t\t\t\t\t\t\t\t<div class=\"elementor-element elementor-element-995deb4 elementor-widget elementor-widget-image\" data-id=\"995deb4\" data-element_type=\"widget\" data-widget_type=\"image.default\">\n\t\t\t\t<div class=\"elementor-widget-container\">\n\t\t\t\t\t\t\t\t\t\t\t\t\t\t\t<img loading=\"lazy\" decoding=\"async\" width=\"750\" height=\"63\" src=\"https:\/\/mostradecinemachines.com.br\/wp-content\/uploads\/2023\/08\/design_3.png\" class=\"attachment-large size-large wp-image-215\" alt=\"\" srcset=\"https:\/\/mostradecinemachines.com.br\/wp-content\/uploads\/2023\/08\/design_3.png 962w, https:\/\/mostradecinemachines.com.br\/wp-content\/uploads\/2023\/08\/design_3-300x25.png 300w, https:\/\/mostradecinemachines.com.br\/wp-content\/uploads\/2023\/08\/design_3-768x65.png 768w\" sizes=\"(max-width: 750px) 100vw, 750px\" style=\"width:100%;height:8.42%;max-width:962px\" \/>\t\t\t\t\t\t\t\t\t\t\t\t\t\t\t<\/div>\n\t\t\t\t<\/div>\n\t\t\t\t\t<\/div>\n\t\t<\/div>\n\t\t\t\t<div class=\"elementor-column elementor-col-50 elementor-inner-column elementor-element elementor-element-597d739\" data-id=\"597d739\" data-element_type=\"column\">\n\t\t\t<div class=\"elementor-widget-wrap elementor-element-populated\">\n\t\t\t\t\t\t\t\t<div class=\"elementor-element elementor-element-8285ac6 elementor-widget elementor-widget-text-editor\" data-id=\"8285ac6\" data-element_type=\"widget\" data-widget_type=\"text-editor.default\">\n\t\t\t\t<div class=\"elementor-widget-container\">\n\t\t\t\t\t\t\t<p>2023<\/p>\t\t\t\t\t\t<\/div>\n\t\t\t\t<\/div>\n\t\t\t\t\t<\/div>\n\t\t<\/div>\n\t\t\t\t\t\t\t<\/div>\n\t\t<\/section>\n\t\t\t\t\t<\/div>\n\t\t<\/div>\n\t\t\t\t\t\t\t<\/div>\n\t\t<\/section>\n\t\t\t\t<section class=\"elementor-section elementor-top-section elementor-element elementor-element-7f97c31 elementor-section-boxed elementor-section-height-default elementor-section-height-default wpr-particle-no wpr-jarallax-no wpr-parallax-no wpr-sticky-section-no\" data-id=\"7f97c31\" data-element_type=\"section\">\n\t\t\t\t\t\t<div class=\"elementor-container elementor-column-gap-default\">\n\t\t\t\t\t<div class=\"elementor-column elementor-col-100 elementor-top-column elementor-element elementor-element-229f6a6\" data-id=\"229f6a6\" data-element_type=\"column\">\n\t\t\t<div class=\"elementor-widget-wrap elementor-element-populated\">\n\t\t\t\t\t\t\t\t<div class=\"elementor-element elementor-element-dc6a565 elementor-widget elementor-widget-image\" data-id=\"dc6a565\" data-element_type=\"widget\" data-widget_type=\"image.default\">\n\t\t\t\t<div class=\"elementor-widget-container\">\n\t\t\t\t\t\t\t\t\t\t\t\t\t\t\t<img loading=\"lazy\" decoding=\"async\" width=\"976\" height=\"447\" src=\"https:\/\/mostradecinemachines.com.br\/wp-content\/uploads\/2023\/08\/img_1.png\" class=\"attachment-full size-full wp-image-225\" alt=\"\" srcset=\"https:\/\/mostradecinemachines.com.br\/wp-content\/uploads\/2023\/08\/img_1.png 976w, https:\/\/mostradecinemachines.com.br\/wp-content\/uploads\/2023\/08\/img_1-300x137.png 300w, https:\/\/mostradecinemachines.com.br\/wp-content\/uploads\/2023\/08\/img_1-768x352.png 768w\" sizes=\"(max-width: 976px) 100vw, 976px\" style=\"width:100%;height:45.8%;max-width:976px\" \/>\t\t\t\t\t\t\t\t\t\t\t\t\t\t\t<\/div>\n\t\t\t\t<\/div>\n\t\t\t\t\t<\/div>\n\t\t<\/div>\n\t\t\t\t\t\t\t<\/div>\n\t\t<\/section>\n\t\t\t\t<section class=\"elementor-section elementor-top-section elementor-element elementor-element-e63325c elementor-section-full_width elementor-section-height-default elementor-section-height-default wpr-particle-no wpr-jarallax-no wpr-parallax-no wpr-sticky-section-no\" data-id=\"e63325c\" data-element_type=\"section\">\n\t\t\t\t\t\t<div class=\"elementor-container elementor-column-gap-default\">\n\t\t\t\t\t<div class=\"elementor-column elementor-col-33 elementor-top-column elementor-element elementor-element-16ebfbb\" data-id=\"16ebfbb\" data-element_type=\"column\">\n\t\t\t<div class=\"elementor-widget-wrap elementor-element-populated\">\n\t\t\t\t\t\t\t\t<div class=\"elementor-element elementor-element-c1f3c2e elementor-absolute elementor-hidden-tablet elementor-hidden-mobile elementor-widget elementor-widget-image\" data-id=\"c1f3c2e\" data-element_type=\"widget\" data-settings=\"{&quot;_position&quot;:&quot;absolute&quot;}\" data-widget_type=\"image.default\">\n\t\t\t\t<div class=\"elementor-widget-container\">\n\t\t\t\t\t\t\t\t\t\t\t\t\t\t\t<img loading=\"lazy\" decoding=\"async\" width=\"35\" height=\"284\" src=\"https:\/\/mostradecinemachines.com.br\/wp-content\/uploads\/2023\/08\/design_6.png\" class=\"attachment-large size-large wp-image-229\" alt=\"\" style=\"width:100%;height:811.43%;max-width:35px\" \/>\t\t\t\t\t\t\t\t\t\t\t\t\t\t\t<\/div>\n\t\t\t\t<\/div>\n\t\t\t\t\t<\/div>\n\t\t<\/div>\n\t\t\t\t<div class=\"elementor-column elementor-col-33 elementor-top-column elementor-element elementor-element-0116630\" data-id=\"0116630\" data-element_type=\"column\">\n\t\t\t<div class=\"elementor-widget-wrap elementor-element-populated\">\n\t\t\t\t\t\t\t\t<div class=\"elementor-element elementor-element-19f8452 elementor-widget elementor-widget-text-editor\" data-id=\"19f8452\" data-element_type=\"widget\" data-widget_type=\"text-editor.default\">\n\t\t\t\t<div class=\"elementor-widget-container\">\n\t\t\t\t\t\t\t<p>Ol\u00e1, seja bem vindo a Mostra de Cinema Chin\u00eas, promovida pelo Instituto CPFL todos os anos em setembro, m\u00eas de comemora\u00e7\u00e3o da cultura Chinesa no Brasil.<\/p><p>Este ano selecionamos 13 obras de alguns dos grandes mestres do Cinema Chin\u00eas para uma Mostra online e outra presencial.<\/p><p>Para a programa\u00e7\u00e3o online, fizemos, mais uma vez, o trabalho de resgate hist\u00f3rico de obras antigas e ic\u00f4nicas da cinematografia chinesa. Celebrando o anivers\u00e1rio de 100 anos do cineasta Xie\u00a0Jin, exibiremos duas de suas obras iniciais, \u201cJogadora de Basquete no5\u201d e \u201cGrande Li, Pequeno Li\u00a0e Velho Li\u201d \u2013 que ser\u00e3o, pela primeira vez, traduzidas para o portugu\u00eas \u2013 al\u00e9m de outros tr\u00eas cl\u00e1ssicos da 1a. e 2a. gera\u00e7\u00e3o do Cinema Chin\u00eas, s\u00e3o eles o \u00e9pico \u201cA Longa Estrada\u201d, de Sun Yu, a\u00a0com\u00e9dia \u201cViva a Senhora!\u201d, de Sang Hu, e o terror \u201cSons na Meia-noite\u201d, de Ma-Xu Weibang.<\/p><p><span style=\"color: var( --e-global-color-text ); font-family: var( --e-global-typography-text-font-family ), Sans-serif; font-weight: var( --e-global-typography-text-font-weight ); font-size: var(--global--font-size-base);\">\u00a0<\/span><\/p><p><b>Os filmes que comp\u00f5em essa Mostra estar\u00e3o dispon\u00edveis em <a href=\"https:\/\/mostradecinemachines.com.br\/index.php\/online\/\">www.mostradecinemachines.com.br<\/a> de 01 de setembro at\u00e9 31 de outubro.<\/b><\/p>\t\t\t\t\t\t<\/div>\n\t\t\t\t<\/div>\n\t\t\t\t\t<\/div>\n\t\t<\/div>\n\t\t\t\t<div class=\"elementor-column elementor-col-33 elementor-top-column elementor-element elementor-element-6d57f5f\" data-id=\"6d57f5f\" data-element_type=\"column\">\n\t\t\t<div class=\"elementor-widget-wrap\">\n\t\t\t\t\t\t\t\t\t<\/div>\n\t\t<\/div>\n\t\t\t\t\t\t\t<\/div>\n\t\t<\/section>\n\t\t\t\t<section class=\"elementor-section elementor-top-section elementor-element elementor-element-9c99d86 elementor-section-full_width elementor-section-content-top elementor-section-height-default elementor-section-height-default wpr-particle-no wpr-jarallax-no wpr-parallax-no wpr-sticky-section-no\" data-id=\"9c99d86\" data-element_type=\"section\">\n\t\t\t\t\t\t<div class=\"elementor-container elementor-column-gap-default\">\n\t\t\t\t\t<div class=\"elementor-column elementor-col-33 elementor-top-column elementor-element elementor-element-2fc02d7\" data-id=\"2fc02d7\" data-element_type=\"column\">\n\t\t\t<div class=\"elementor-widget-wrap elementor-element-populated\">\n\t\t\t\t\t\t\t\t<div class=\"elementor-element elementor-element-6888a57 elementor-widget__width-inherit elementor-widget elementor-widget-image\" data-id=\"6888a57\" data-element_type=\"widget\" data-widget_type=\"image.default\">\n\t\t\t\t<div class=\"elementor-widget-container\">\n\t\t\t\t\t\t\t\t\t\t\t\t\t\t\t<img loading=\"lazy\" decoding=\"async\" width=\"447\" height=\"24\" src=\"https:\/\/mostradecinemachines.com.br\/wp-content\/uploads\/2023\/08\/barra-sobre-2.png\" class=\"attachment-full size-full wp-image-364\" alt=\"\" srcset=\"https:\/\/mostradecinemachines.com.br\/wp-content\/uploads\/2023\/08\/barra-sobre-2.png 447w, https:\/\/mostradecinemachines.com.br\/wp-content\/uploads\/2023\/08\/barra-sobre-2-300x16.png 300w\" sizes=\"(max-width: 447px) 100vw, 447px\" style=\"width:100%;height:5.37%;max-width:447px\" \/>\t\t\t\t\t\t\t\t\t\t\t\t\t\t\t<\/div>\n\t\t\t\t<\/div>\n\t\t\t\t\t<\/div>\n\t\t<\/div>\n\t\t\t\t<div class=\"elementor-column elementor-col-33 elementor-top-column elementor-element elementor-element-25f613f\" data-id=\"25f613f\" data-element_type=\"column\">\n\t\t\t<div class=\"elementor-widget-wrap\">\n\t\t\t\t\t\t\t\t\t<\/div>\n\t\t<\/div>\n\t\t\t\t<div class=\"elementor-column elementor-col-33 elementor-top-column elementor-element elementor-element-bd67e6f\" data-id=\"bd67e6f\" data-element_type=\"column\">\n\t\t\t<div class=\"elementor-widget-wrap\">\n\t\t\t\t\t\t\t\t\t<\/div>\n\t\t<\/div>\n\t\t\t\t\t\t\t<\/div>\n\t\t<\/section>\n\t\t\t\t<section class=\"elementor-section elementor-top-section elementor-element elementor-element-3e6f035 elementor-section-full_width elementor-section-height-default elementor-section-height-default wpr-particle-no wpr-jarallax-no wpr-parallax-no wpr-sticky-section-no\" data-id=\"3e6f035\" data-element_type=\"section\">\n\t\t\t\t\t\t<div class=\"elementor-container elementor-column-gap-default\">\n\t\t\t\t\t<div class=\"elementor-column elementor-col-33 elementor-top-column elementor-element elementor-element-0fccdf3\" data-id=\"0fccdf3\" data-element_type=\"column\">\n\t\t\t<div class=\"elementor-widget-wrap\">\n\t\t\t\t\t\t\t\t\t<\/div>\n\t\t<\/div>\n\t\t\t\t<div class=\"elementor-column elementor-col-33 elementor-top-column elementor-element elementor-element-5aa7981\" data-id=\"5aa7981\" data-element_type=\"column\">\n\t\t\t<div class=\"elementor-widget-wrap elementor-element-populated\">\n\t\t\t\t\t\t\t\t<div class=\"elementor-element elementor-element-db7695b elementor-widget elementor-widget-text-editor\" data-id=\"db7695b\" data-element_type=\"widget\" data-widget_type=\"text-editor.default\">\n\t\t\t\t<div class=\"elementor-widget-container\">\n\t\t\t\t\t\t\t<p>J\u00e1 para a mostra presencial, que acontece na sala de exibi\u00e7\u00f5es do Instituto CPFL, em Campinas, selecionamos 8 filmes da chamada 5a. gera\u00e7\u00e3o do cinema chin\u00eas, com obras amplamente conhecidas e renomadas do final dos anos 90 e meados de 2000 e que merecem ser revistas em uma nova perspectiva. Destaque para as obras \u201cHer\u00f3i\u201d, \u201cCl\u00e3 Das Adagas Voadoras\u201d e \u201cNenhum a Menos\u201d de Zhang Yimou, \u201cSons da Alma\u201d de Chen Kaige e \u201cCarteiro nas Montanhas\u201d de Hou Jianqi. Para arrematar a programa\u00e7\u00e3o, algumas p\u00e9rolas: o premiado \u201cMinha doce amarga Taiwan\u201d, de Zheng Dongtian, \u201cMeu 1919\u201d, de Huang Jianzhong, e \u201cA ferrovia nas nuvens\u201d, de Feng Xiaoning, sobre a desafiadora constru\u00e7\u00e3o da ferrovia que liga Pequim a Lhasa, no Tibet. As exibi\u00e7\u00f5es presenciais acontecem de 18 a 29 de setembro no Audit\u00f3rio Umuarama, no Instituto CPFL, em Campinas, sempre \u00e0s 19h.<\/p><p><strong>A programa\u00e7\u00e3o completa est\u00e1 em <a href=\"https:\/\/mostradecinemachines.com.br\/index.php\/programacao\/\">www.mostradecinemachines.com.br<\/a>.<\/strong><\/p>\t\t\t\t\t\t<\/div>\n\t\t\t\t<\/div>\n\t\t\t\t\t<\/div>\n\t\t<\/div>\n\t\t\t\t<div class=\"elementor-column elementor-col-33 elementor-top-column elementor-element elementor-element-9ec5e23\" data-id=\"9ec5e23\" data-element_type=\"column\">\n\t\t\t<div class=\"elementor-widget-wrap elementor-element-populated\">\n\t\t\t\t\t\t\t\t<div class=\"elementor-element elementor-element-9a61b5a elementor-absolute elementor-hidden-tablet elementor-hidden-mobile elementor-widget elementor-widget-image\" data-id=\"9a61b5a\" data-element_type=\"widget\" data-settings=\"{&quot;_position&quot;:&quot;absolute&quot;}\" data-widget_type=\"image.default\">\n\t\t\t\t<div class=\"elementor-widget-container\">\n\t\t\t\t\t\t\t\t\t\t\t\t\t\t\t<img decoding=\"async\" src=\"https:\/\/mostradecinemachines.com.br\/wp-content\/uploads\/2023\/08\/fundo-sobre-1.png\" title=\"fundo sobre\" alt=\"fundo sobre\" loading=\"lazy\" \/>\t\t\t\t\t\t\t\t\t\t\t\t\t\t\t<\/div>\n\t\t\t\t<\/div>\n\t\t\t\t\t<\/div>\n\t\t<\/div>\n\t\t\t\t\t\t\t<\/div>\n\t\t<\/section>\n\t\t\t\t<section class=\"elementor-section elementor-top-section elementor-element elementor-element-ba01672 elementor-section-full_width elementor-section-height-default elementor-section-height-default wpr-particle-no wpr-jarallax-no wpr-parallax-no wpr-sticky-section-no\" data-id=\"ba01672\" data-element_type=\"section\">\n\t\t\t\t\t\t<div class=\"elementor-container elementor-column-gap-default\">\n\t\t\t\t\t<div class=\"elementor-column elementor-col-33 elementor-top-column elementor-element elementor-element-d6e8e1c\" data-id=\"d6e8e1c\" data-element_type=\"column\">\n\t\t\t<div class=\"elementor-widget-wrap\">\n\t\t\t\t\t\t\t\t\t<\/div>\n\t\t<\/div>\n\t\t\t\t<div class=\"elementor-column elementor-col-33 elementor-top-column elementor-element elementor-element-3cb25b5\" data-id=\"3cb25b5\" data-element_type=\"column\">\n\t\t\t<div class=\"elementor-widget-wrap\">\n\t\t\t\t\t\t\t\t\t<\/div>\n\t\t<\/div>\n\t\t\t\t<div class=\"elementor-column elementor-col-33 elementor-top-column elementor-element elementor-element-7219c79\" data-id=\"7219c79\" data-element_type=\"column\">\n\t\t\t<div class=\"elementor-widget-wrap elementor-element-populated\">\n\t\t\t\t\t\t\t\t<div class=\"elementor-element elementor-element-4375bd3 elementor-widget elementor-widget-image\" data-id=\"4375bd3\" data-element_type=\"widget\" data-widget_type=\"image.default\">\n\t\t\t\t<div class=\"elementor-widget-container\">\n\t\t\t\t\t\t\t\t\t\t\t\t\t\t\t<img loading=\"lazy\" decoding=\"async\" width=\"537\" height=\"27\" src=\"https:\/\/mostradecinemachines.com.br\/wp-content\/uploads\/2023\/08\/barra-sobre.png\" class=\"attachment-large size-large wp-image-363\" alt=\"\" srcset=\"https:\/\/mostradecinemachines.com.br\/wp-content\/uploads\/2023\/08\/barra-sobre.png 537w, https:\/\/mostradecinemachines.com.br\/wp-content\/uploads\/2023\/08\/barra-sobre-300x15.png 300w\" sizes=\"(max-width: 537px) 100vw, 537px\" style=\"width:100%;height:5.03%;max-width:537px\" \/>\t\t\t\t\t\t\t\t\t\t\t\t\t\t\t<\/div>\n\t\t\t\t<\/div>\n\t\t\t\t\t<\/div>\n\t\t<\/div>\n\t\t\t\t\t\t\t<\/div>\n\t\t<\/section>\n\t\t\t\t<section class=\"elementor-section elementor-top-section elementor-element elementor-element-ee74717 elementor-section-full_width elementor-section-height-default elementor-section-height-default wpr-particle-no wpr-jarallax-no wpr-parallax-no wpr-sticky-section-no\" data-id=\"ee74717\" data-element_type=\"section\">\n\t\t\t\t\t\t<div class=\"elementor-container elementor-column-gap-default\">\n\t\t\t\t\t<div class=\"elementor-column elementor-col-100 elementor-top-column elementor-element elementor-element-9d1743d\" data-id=\"9d1743d\" data-element_type=\"column\">\n\t\t\t<div class=\"elementor-widget-wrap elementor-element-populated\">\n\t\t\t\t\t\t\t\t<section class=\"elementor-section elementor-inner-section elementor-element elementor-element-f59acc2 elementor-section-boxed elementor-section-height-default elementor-section-height-default wpr-particle-no wpr-jarallax-no wpr-parallax-no wpr-sticky-section-no\" data-id=\"f59acc2\" data-element_type=\"section\">\n\t\t\t\t\t\t<div class=\"elementor-container elementor-column-gap-default\">\n\t\t\t\t\t<div class=\"elementor-column elementor-col-100 elementor-inner-column elementor-element elementor-element-140d412\" data-id=\"140d412\" data-element_type=\"column\">\n\t\t\t<div class=\"elementor-widget-wrap elementor-element-populated\">\n\t\t\t\t\t\t\t\t<div class=\"elementor-element elementor-element-4db3953 elementor-widget elementor-widget-spacer\" data-id=\"4db3953\" data-element_type=\"widget\" data-widget_type=\"spacer.default\">\n\t\t\t\t<div class=\"elementor-widget-container\">\n\t\t\t<style>\/*! elementor - v3.15.0 - 09-08-2023 *\/\n.elementor-column .elementor-spacer-inner{height:var(--spacer-size)}.e-con{--container-widget-width:100%}.e-con-inner>.elementor-widget-spacer,.e-con>.elementor-widget-spacer{width:var(--container-widget-width,var(--spacer-size));--align-self:var(--container-widget-align-self,initial);--flex-shrink:0}.e-con-inner>.elementor-widget-spacer>.elementor-widget-container,.e-con-inner>.elementor-widget-spacer>.elementor-widget-container>.elementor-spacer,.e-con>.elementor-widget-spacer>.elementor-widget-container,.e-con>.elementor-widget-spacer>.elementor-widget-container>.elementor-spacer{height:100%}.e-con-inner>.elementor-widget-spacer>.elementor-widget-container>.elementor-spacer>.elementor-spacer-inner,.e-con>.elementor-widget-spacer>.elementor-widget-container>.elementor-spacer>.elementor-spacer-inner{height:var(--container-widget-height,var(--spacer-size))}<\/style>\t\t<div class=\"elementor-spacer\">\n\t\t\t<div class=\"elementor-spacer-inner\"><\/div>\n\t\t<\/div>\n\t\t\t\t<\/div>\n\t\t\t\t<\/div>\n\t\t\t\t\t<\/div>\n\t\t<\/div>\n\t\t\t\t\t\t\t<\/div>\n\t\t<\/section>\n\t\t\t\t\t<\/div>\n\t\t<\/div>\n\t\t\t\t\t\t\t<\/div>\n\t\t<\/section>\n\t\t\t\t\t\t\t<\/div>\n\t\t","protected":false},"excerpt":{"rendered":"<p>SOBRE 2023 Ol\u00e1, seja bem vindo a Mostra de Cinema Chin\u00eas, promovida pelo Instituto CPFL todos os anos em setembro, m\u00eas de comemora\u00e7\u00e3o da cultura Chinesa no Brasil. Este ano selecionamos 13 obras de alguns dos grandes mestres do Cinema Chin\u00eas para uma Mostra online e outra presencial. Para a programa\u00e7\u00e3o online, fizemos, mais uma&hellip; <a class=\"more-link\" href=\"https:\/\/mostradecinemachines.com.br\/index.php\/sobre\/\">Continue reading <span class=\"screen-reader-text\">Sobre<\/span><\/a><\/p>\n","protected":false},"author":1,"featured_media":0,"parent":0,"menu_order":0,"comment_status":"closed","ping_status":"closed","template":"elementor_header_footer","meta":{"footnotes":""},"_links":{"self":[{"href":"https:\/\/mostradecinemachines.com.br\/index.php\/wp-json\/wp\/v2\/pages\/202"}],"collection":[{"href":"https:\/\/mostradecinemachines.com.br\/index.php\/wp-json\/wp\/v2\/pages"}],"about":[{"href":"https:\/\/mostradecinemachines.com.br\/index.php\/wp-json\/wp\/v2\/types\/page"}],"author":[{"embeddable":true,"href":"https:\/\/mostradecinemachines.com.br\/index.php\/wp-json\/wp\/v2\/users\/1"}],"replies":[{"embeddable":true,"href":"https:\/\/mostradecinemachines.com.br\/index.php\/wp-json\/wp\/v2\/comments?post=202"}],"version-history":[{"count":130,"href":"https:\/\/mostradecinemachines.com.br\/index.php\/wp-json\/wp\/v2\/pages\/202\/revisions"}],"predecessor-version":[{"id":653,"href":"https:\/\/mostradecinemachines.com.br\/index.php\/wp-json\/wp\/v2\/pages\/202\/revisions\/653"}],"wp:attachment":[{"href":"https:\/\/mostradecinemachines.com.br\/index.php\/wp-json\/wp\/v2\/media?parent=202"}],"curies":[{"name":"wp","href":"https:\/\/api.w.org\/{rel}","templated":true}]}}